{"id":1124,"date":"2023-05-30T08:50:44","date_gmt":"2023-05-30T08:50:44","guid":{"rendered":"https:\/\/yerehost.com\/sagesse\/?page_id=1124"},"modified":"2023-08-08T18:29:12","modified_gmt":"2023-08-08T18:29:12","slug":"protected","status":"publish","type":"page","link":"https:\/\/sagessesjb.edu.lb\/fr\/protected\/","title":{"rendered":"ProtectED"},"content":{"rendered":"\t\t<div data-elementor-type=\"wp-page\" data-elementor-id=\"1124\" class=\"elementor elementor-1124\" data-elementor-post-type=\"page\">\n\t\t\t\t\t\t<section class=\"elementor-section elementor-top-section elementor-element elementor-element-280b951 elementor-section-boxed elementor-section-height-default elementor-section-height-default\" data-id=\"280b951\" data-element_type=\"section\" data-e-type=\"section\">\n\t\t\t\t\t\t<div class=\"elementor-container elementor-column-gap-default\">\n\t\t\t\t\t<div class=\"elementor-column elementor-col-100 elementor-top-column elementor-element elementor-element-266f331\" data-id=\"266f331\" data-element_type=\"column\" data-e-type=\"column\">\n\t\t\t<div class=\"elementor-widget-wrap elementor-element-populated\">\n\t\t\t\t\t\t<div class=\"elementor-element elementor-element-e7e499d elementor-widget elementor-widget-heading\" data-id=\"e7e499d\" data-element_type=\"widget\" data-e-type=\"widget\" data-widget_type=\"heading.default\">\n\t\t\t\t<div class=\"elementor-widget-container\">\n\t\t\t\t\t<h2 class=\"elementor-heading-title elementor-size-default\">Pr\u00e9sentation du programme ProtectED<\/h2>\t\t\t\t<\/div>\n\t\t\t\t<\/div>\n\t\t\t\t\t<\/div>\n\t\t<\/div>\n\t\t\t\t\t<\/div>\n\t\t<\/section>\n\t\t\t\t<section class=\"elementor-section elementor-top-section elementor-element elementor-element-deffade elementor-section-boxed elementor-section-height-default elementor-section-height-default\" data-id=\"deffade\" data-element_type=\"section\" data-e-type=\"section\">\n\t\t\t\t\t\t<div class=\"elementor-container elementor-column-gap-default\">\n\t\t\t\t\t<div class=\"elementor-column elementor-col-100 elementor-top-column elementor-element elementor-element-0ef8a83\" data-id=\"0ef8a83\" data-element_type=\"column\" data-e-type=\"column\">\n\t\t\t<div class=\"elementor-widget-wrap elementor-element-populated\">\n\t\t\t\t\t\t<div class=\"elementor-element elementor-element-481b213 elementor-widget elementor-widget-text-editor\" data-id=\"481b213\" data-element_type=\"widget\" data-e-type=\"widget\" data-widget_type=\"text-editor.default\">\n\t\t\t\t<div class=\"elementor-widget-container\">\n\t\t\t\t\t\t\t\t\t<p class=\"rtejustify\">ProtectED est un programme d\u2019\u00e9ducation pr\u00e9ventive mis en place par Kidproof\u00a0 Safety une entreprise canadienne \u00e0 port\u00e9e internationale et adopt\u00e9 par le minist\u00e8re de l\u2019Education et de l\u2019Enseignement Sup\u00e9rieur libanais.<\/p><p class=\"rtejustify\">Ce programme s\u2019adresse \u00e0 tous les \u00e9tudiants du Liban et vise \u00e0\u00a0 leur assurer un \u00e9quilibre physique et psychologique loin de la violence de la discrimination de la drogue des abus sexuels et de toute autre forme de maltraitance. Afin de mettre en \u0153uvre ce programme dans la perspective d\u2019\u00e9tudes scolaires, des formations et des guides p\u00e9dagogiques ont \u00e9t\u00e9 con\u00e7us. Ainsi les enseignants suivent une formation qui leur permet d\u2019avoir les outils n\u00e9cessaires pour enseigner le programme ProtectED.<\/p><p class=\"rtejustify\">Ils ont \u00e0 leur disposition un livre de ressources, des guides d\u2019instruction (15 livres : un par niveau scolaire) ;<\/p><p class=\"rtejustify\">ProtectED comprend aussi un cahier de l\u2019\u00e9l\u00e8ve et un guide de s\u00e9curit\u00e9 des parents.<\/p><p class=\"rtejustify\">Les th\u00e8mes abord\u00e9s sont\u00a0:<\/p><ul><li class=\"rtejustify\">La s\u00e9curit\u00e9 physique\u00a0: \u00e0 domicile, routi\u00e8re\u2026..<\/li><li class=\"rtejustify\">La s\u00e9curit\u00e9 personnelle\u00a0: lutte contre les abus sexuels, violence familiale\u2026<\/li><li class=\"rtejustify\">La citoyennet\u00e9\u00a0<\/li><li class=\"rtejustify\">La s\u00e9curit\u00e9 sur Internet et l\u2019utilisation s\u00fbre de la technologie.<\/li><li class=\"rtejustify\">La s\u00e9curit\u00e9 \u00e9motionnelle\u00a0: estime de soi, image de soi\u2026.<\/li><li class=\"rtejustify\">La vie saine\u00a0: nutrition, pr\u00e9vention contre la drogue\u2026.<\/li><\/ul><p class=\"rtejustify\"><br \/>Eduquer les enfants dans ce monde en constante \u00e9volution est aujourd\u2019hui un d\u00e9fi.<\/p><p class=\"rtejustify\">Enseigner \u00e0 un enfant comment faire face \u00e0 un intimidateur, utiliser l\u2019Internet, dire \u00ab non \u00bb \u00e0 la drogue, intervenir en cas de blessure ou effectuer des choix s\u00fbrs exige une formation officielle et claire.<\/p><p class=\"rtejustify\">Une \u00e9ducation \u00e0 la s\u00e9curit\u00e9 qui autonomise les \u00e9l\u00e8ves, qui est convaincante peut, et va, leur sauver leur vie.<\/p><p class=\"rtejustify\">Alors, <strong>Apprenons pour diriger\u00a0<\/strong>!<\/p>\t\t\t\t\t\t\t\t<\/div>\n\t\t\t\t<\/div>\n\t\t\t\t\t<\/div>\n\t\t<\/div>\n\t\t\t\t\t<\/div>\n\t\t<\/section>\n\t\t\t\t<\/div>\n\t\t","protected":false},"excerpt":{"rendered":"<p>Pr\u00e9sentation du programme ProtectED ProtectED est un programme d\u2019\u00e9ducation pr\u00e9ventive mis en place par Kidproof\u00a0 Safety une entreprise canadienne \u00e0 port\u00e9e internationale et adopt\u00e9 par le minist\u00e8re de l\u2019Education et de l\u2019Enseignement Sup\u00e9rieur libanais. Ce programme s\u2019adresse \u00e0 tous les \u00e9tudiants du Liban et vise \u00e0\u00a0 leur assurer un \u00e9quilibre physique et psychologique loin de [&hellip;]<\/p>\n","protected":false},"author":1,"featured_media":0,"parent":0,"menu_order":0,"comment_status":"closed","ping_status":"closed","template":"","meta":{"footnotes":""},"class_list":["post-1124","page","type-page","status-publish","hentry"],"_links":{"self":[{"href":"https:\/\/sagessesjb.edu.lb\/fr\/wp-json\/wp\/v2\/pages\/1124","targetHints":{"allow":["GET"]}}],"collection":[{"href":"https:\/\/sagessesjb.edu.lb\/fr\/wp-json\/wp\/v2\/pages"}],"about":[{"href":"https:\/\/sagessesjb.edu.lb\/fr\/wp-json\/wp\/v2\/types\/page"}],"author":[{"embeddable":true,"href":"https:\/\/sagessesjb.edu.lb\/fr\/wp-json\/wp\/v2\/users\/1"}],"replies":[{"embeddable":true,"href":"https:\/\/sagessesjb.edu.lb\/fr\/wp-json\/wp\/v2\/comments?post=1124"}],"version-history":[{"count":7,"href":"https:\/\/sagessesjb.edu.lb\/fr\/wp-json\/wp\/v2\/pages\/1124\/revisions"}],"predecessor-version":[{"id":4682,"href":"https:\/\/sagessesjb.edu.lb\/fr\/wp-json\/wp\/v2\/pages\/1124\/revisions\/4682"}],"wp:attachment":[{"href":"https:\/\/sagessesjb.edu.lb\/fr\/wp-json\/wp\/v2\/media?parent=1124"}],"curies":[{"name":"wp","href":"https:\/\/api.w.org\/{rel}","templated":true}]}}