{"id":1109,"date":"2023-05-30T08:04:55","date_gmt":"2023-05-30T08:04:55","guid":{"rendered":"https:\/\/yerehost.com\/sagesse\/?page_id=1109"},"modified":"2025-11-13T08:57:55","modified_gmt":"2025-11-13T08:57:55","slug":"departements","status":"publish","type":"page","link":"https:\/\/sagessesjb.edu.lb\/fr\/departements\/","title":{"rendered":"Service Psychologique"},"content":{"rendered":"\t\t<div data-elementor-type=\"wp-page\" data-elementor-id=\"1109\" class=\"elementor elementor-1109\" data-elementor-post-type=\"page\">\n\t\t\t\t\t\t<section class=\"elementor-section elementor-top-section elementor-element elementor-element-17af7ec elementor-section-boxed elementor-section-height-default elementor-section-height-default\" data-id=\"17af7ec\" data-element_type=\"section\" data-e-type=\"section\">\n\t\t\t\t\t\t<div class=\"elementor-container elementor-column-gap-default\">\n\t\t\t\t\t<div class=\"elementor-column elementor-col-100 elementor-top-column elementor-element elementor-element-9810811\" data-id=\"9810811\" data-element_type=\"column\" data-e-type=\"column\">\n\t\t\t<div class=\"elementor-widget-wrap elementor-element-populated\">\n\t\t\t\t\t\t<div class=\"elementor-element elementor-element-0697351 elementor-widget elementor-widget-heading\" data-id=\"0697351\" data-element_type=\"widget\" data-e-type=\"widget\" data-widget_type=\"heading.default\">\n\t\t\t\t<div class=\"elementor-widget-container\">\n\t\t\t\t\t<h2 class=\"elementor-heading-title elementor-size-default\">Pr\u00e9sentation du Service Psychologique<\/h2>\t\t\t\t<\/div>\n\t\t\t\t<\/div>\n\t\t\t\t\t<\/div>\n\t\t<\/div>\n\t\t\t\t\t<\/div>\n\t\t<\/section>\n\t\t\t\t<section class=\"elementor-section elementor-top-section elementor-element elementor-element-1ff89f6 elementor-section-boxed elementor-section-height-default elementor-section-height-default\" data-id=\"1ff89f6\" data-element_type=\"section\" data-e-type=\"section\">\n\t\t\t\t\t\t<div class=\"elementor-container elementor-column-gap-default\">\n\t\t\t\t\t<div class=\"elementor-column elementor-col-100 elementor-top-column elementor-element elementor-element-68b981b\" data-id=\"68b981b\" data-element_type=\"column\" data-e-type=\"column\">\n\t\t\t<div class=\"elementor-widget-wrap elementor-element-populated\">\n\t\t\t\t\t\t<div class=\"elementor-element elementor-element-1bbdb4d elementor-widget elementor-widget-text-editor\" data-id=\"1bbdb4d\" data-element_type=\"widget\" data-e-type=\"widget\" data-widget_type=\"text-editor.default\">\n\t\t\t\t<div class=\"elementor-widget-container\">\n\t\t\t\t\t\t\t\t\t<p>La psychologie scolaire est la psychologie de l\u2019\u00e9ducation en action, au sein d\u2019un processus \u00e9ducatif, dans le cadre d\u2019un \u00e9tablissement scolaire.<br \/><br \/><\/p><p><strong>R\u00f4le et Mission du psychologue scolaire<\/strong><\/p><p>Le psychologue scolaire s\u2019engage dans des activit\u00e9s qui favorisent, restaurent, maintiennent ou d\u00e9veloppent le fonctionnement positif et le bien-\u00eatre de l\u2019\u00e9l\u00e8ve, qui le soutiennent dans son cheminement scolaire et qui lui permettent de s\u2019\u00e9panouir sur les plans personnel et social. En ce sens, le psychologue offre des services de pr\u00e9vention, de d\u00e9pistage, d\u2019aide et d\u2019accompagnement, exprim\u00e9s sous forme d\u2019une demande provenant de l\u2019\u00e9quipe \u00e9ducative, de l\u2019\u00e9l\u00e8ve ou de ses parents, dans un cadre d\u2019accueil et d\u2019\u00e9coute.<br \/><br \/><\/p><p><strong>T\u00e2ches du psychologue scolaire<\/strong><\/p><ul><li>Venir en aide \u00e0 l&rsquo;\u00e9l\u00e8ve en difficult\u00e9 (Cognitive, Sociale et\/ou affective&#8230;) \u00e0 travers une \u00e9valuation de la situation et l&rsquo;\u00e9laboration d&rsquo;un plan d\u2019action de rem\u00e9diation et de suivi bien appropri\u00e9.<\/li><li>Collaborer avec les diff\u00e9rents professionnels impliqu\u00e9s aupr\u00e8s de l\u2019\u00e9l\u00e8ve, qu\u2019ils soient agents du secteur de la sant\u00e9 ou des services \u00e9ducatifs.<\/li><li>Assurer une guidance parentale en lien avec les difficult\u00e9s rencontr\u00e9es chez l\u2019enfant. Intervenir de fa\u00e7on pr\u00e9ventive en aidant les parents \u00e0 comprendre ce que vit leur enfant et les soutenir dans la mise en place de strat\u00e9gies \u00e0 la maison.<\/li><li>Organiser des rencontres avec les enseignants afin d\u2019\u00e9laborer des strat\u00e9gies d\u2019intervention en classe et de sugg\u00e9rer des outils p\u00e9dagogiques adapt\u00e9s aux difficult\u00e9s de l\u2019\u00e9l\u00e8ve.<\/li><li>Participer aux deux conseils p\u00e9dagogique, \u00e9ducatif et aux conseils de classe.<\/li><li>Organiser des conf\u00e9rences \u00e0 th\u00e8mes psycho-\u00e9ducatifs aupr\u00e8s des parents, ax\u00e9s sur le d\u00e9veloppement psychologique de l\u2019enfant et\/ou de l\u2019adolescent.<\/li><li>Assurer un encadrement de soutien aux \u00e9l\u00e8ves d\u00e9sireux de s&rsquo;exprimer sur des sujets qui les pr\u00e9occupent, ou les aider \u00e0 trouver des solutions \u00e0 leurs probl\u00e8mes, en leur accordant un espace d&rsquo;\u00e9coute et de parole.<\/li><li>Animer des rencontres dans la classe ou pour des groupes cibles dans le but de sensibiliser, pr\u00e9venir et d\u00e9velopper l\u2019esprit critique sur un th\u00e8me pr\u00e9cis.<\/li><\/ul><p>\u00a0<\/p><p><strong>\u00c9thique professionnelle<\/strong><\/p><ul><li>Le psychologue en milieu scolaire se doit de respecter la dignit\u00e9, l\u2019autonomie et la protection de l\u2019\u00e9l\u00e8ve et de sa famille.<\/li><li>Le psychologue est garant de la confidentialit\u00e9 des informations obtenues dans le cadre de sa pratique professionnelle. La s\u00e9lection des informations \u00e0 transmettre aux personnes concern\u00e9es doit \u00eatre de rigueur.<\/li><li>L\u2019impartialit\u00e9 du psychologue doit \u00eatre respect\u00e9e par l\u2019\u00e9tablissement, les parents et les coll\u00e8gues.<\/li><\/ul><p>\u00a0<\/p><p><strong>Equipe du Service Psychologique\u00a0:<\/strong><\/p><ul><li>Garderie \u00ab\u00a0Les Minus\u00a0\u00bb, Cycle Maternel et Primaire I :\u00a0Mme\u00a0<strong>Darine Touma<\/strong><\/li><li>Cycle Primaire II et Compl\u00e9mentaire : Mme\u00a0<strong>Ghada-Rita Aoun<\/strong><\/li><li>Cycle Secondaire\u00a0: Mme\u00a0<strong>Marie-Ange Hachem<\/strong><\/li><li>D\u00e9partement Sp\u00e9cialis\u00e9 pour l\u2019Int\u00e9gration scolaire (DpSp) et Centre d\u2019Intervention Multidisciplinaire (CIM) :<strong>Mme Mira Afif (Son r\u00f4le est d\u00e9fini au sein de l\u2019\u00e9quipe du DpSp et du CIM)<\/strong><\/li><\/ul>\t\t\t\t\t\t\t\t<\/div>\n\t\t\t\t<\/div>\n\t\t\t\t\t<\/div>\n\t\t<\/div>\n\t\t\t\t\t<\/div>\n\t\t<\/section>\n\t\t\t\t<section class=\"elementor-section elementor-top-section elementor-element elementor-element-e4b7ae0 elementor-section-boxed elementor-section-height-default elementor-section-height-default\" data-id=\"e4b7ae0\" data-element_type=\"section\" data-e-type=\"section\">\n\t\t\t\t\t\t<div class=\"elementor-container elementor-column-gap-default\">\n\t\t\t\t\t<div class=\"elementor-column elementor-col-100 elementor-top-column elementor-element elementor-element-2868e74\" data-id=\"2868e74\" data-element_type=\"column\" data-e-type=\"column\">\n\t\t\t<div class=\"elementor-widget-wrap elementor-element-populated\">\n\t\t\t\t\t\t<div class=\"elementor-element elementor-element-5141ed7 elementor-align-center elementor-widget elementor-widget-button\" data-id=\"5141ed7\" data-element_type=\"widget\" data-e-type=\"widget\" data-widget_type=\"button.default\">\n\t\t\t\t<div class=\"elementor-widget-container\">\n\t\t\t\t\t\t\t\t\t<div class=\"elementor-button-wrapper\">\n\t\t\t\t\t<a class=\"elementor-button elementor-button-link elementor-size-sm\" href=\"https:\/\/sagessesjb.edu.lb\/activites-service-psychologique\/\">\n\t\t\t\t\t\t<span class=\"elementor-button-content-wrapper\">\n\t\t\t\t\t\t\t\t\t<span class=\"elementor-button-text\">Nos activit\u00e9s<\/span>\n\t\t\t\t\t<\/span>\n\t\t\t\t\t<\/a>\n\t\t\t\t<\/div>\n\t\t\t\t\t\t\t\t<\/div>\n\t\t\t\t<\/div>\n\t\t\t\t\t<\/div>\n\t\t<\/div>\n\t\t\t\t\t<\/div>\n\t\t<\/section>\n\t\t\t\t<section class=\"elementor-section elementor-top-section elementor-element elementor-element-67f5408 elementor-section-boxed elementor-section-height-default elementor-section-height-default\" data-id=\"67f5408\" data-element_type=\"section\" data-e-type=\"section\">\n\t\t\t\t\t\t<div class=\"elementor-container elementor-column-gap-default\">\n\t\t\t\t\t<div class=\"elementor-column elementor-col-100 elementor-top-column elementor-element elementor-element-1902aae\" data-id=\"1902aae\" data-element_type=\"column\" data-e-type=\"column\">\n\t\t\t<div class=\"elementor-widget-wrap elementor-element-populated\">\n\t\t\t\t\t\t<div class=\"elementor-element elementor-element-3aaad9b elementor-arrows-position-inside elementor-pagination-position-outside elementor-widget elementor-widget-image-carousel\" data-id=\"3aaad9b\" data-element_type=\"widget\" data-e-type=\"widget\" data-settings=\"{&quot;navigation&quot;:&quot;both&quot;,&quot;autoplay&quot;:&quot;yes&quot;,&quot;pause_on_hover&quot;:&quot;yes&quot;,&quot;pause_on_interaction&quot;:&quot;yes&quot;,&quot;autoplay_speed&quot;:5000,&quot;infinite&quot;:&quot;yes&quot;,&quot;speed&quot;:500}\" data-widget_type=\"image-carousel.default\">\n\t\t\t\t<div class=\"elementor-widget-container\">\n\t\t\t\t\t\t\t<div class=\"elementor-image-carousel-wrapper swiper\" role=\"region\" aria-roledescription=\"carousel\" aria-label=\"Image Carousel\" dir=\"ltr\">\n\t\t\t<div class=\"elementor-image-carousel swiper-wrapper\" aria-live=\"off\">\n\t\t\t\t\t\t\t\t<div class=\"swiper-slide\" role=\"group\" aria-roledescription=\"slide\" aria-label=\"1 of 30\"><figure class=\"swiper-slide-inner\"><img decoding=\"async\" class=\"swiper-slide-image\" src=\"https:\/\/sagessesjb.edu.lb\/wp-content\/uploads\/2025\/11\/PPT-Fiche-de-Reflexion-un-outil-Pedagogique-_Page_01-scaled.jpg\" alt=\"PPT Fiche de Re\u0301flexion un outil Pe\u0301dagogique _Page_01\" \/><\/figure><\/div><div class=\"swiper-slide\" role=\"group\" aria-roledescription=\"slide\" aria-label=\"2 of 30\"><figure class=\"swiper-slide-inner\"><img decoding=\"async\" class=\"swiper-slide-image\" src=\"https:\/\/sagessesjb.edu.lb\/wp-content\/uploads\/2025\/11\/PPT-Fiche-de-Reflexion-un-outil-Pedagogique-_Page_02-scaled.jpg\" alt=\"PPT Fiche de Re\u0301flexion un outil Pe\u0301dagogique _Page_02\" \/><\/figure><\/div><div class=\"swiper-slide\" role=\"group\" aria-roledescription=\"slide\" aria-label=\"3 of 30\"><figure class=\"swiper-slide-inner\"><img decoding=\"async\" class=\"swiper-slide-image\" src=\"https:\/\/sagessesjb.edu.lb\/wp-content\/uploads\/2025\/11\/PPT-Fiche-de-Reflexion-un-outil-Pedagogique-_Page_03-scaled.jpg\" alt=\"PPT Fiche de Re\u0301flexion un outil Pe\u0301dagogique _Page_03\" \/><\/figure><\/div><div class=\"swiper-slide\" role=\"group\" aria-roledescription=\"slide\" aria-label=\"4 of 30\"><figure class=\"swiper-slide-inner\"><img decoding=\"async\" class=\"swiper-slide-image\" src=\"https:\/\/sagessesjb.edu.lb\/wp-content\/uploads\/2025\/11\/PPT-Fiche-de-Reflexion-un-outil-Pedagogique-_Page_04-scaled.jpg\" alt=\"PPT Fiche de Re\u0301flexion un outil Pe\u0301dagogique _Page_04\" \/><\/figure><\/div><div class=\"swiper-slide\" role=\"group\" aria-roledescription=\"slide\" aria-label=\"5 of 30\"><figure class=\"swiper-slide-inner\"><img decoding=\"async\" class=\"swiper-slide-image\" src=\"https:\/\/sagessesjb.edu.lb\/wp-content\/uploads\/2025\/11\/PPT-Fiche-de-Reflexion-un-outil-Pedagogique-_Page_05-scaled.jpg\" alt=\"PPT Fiche de Re\u0301flexion un outil Pe\u0301dagogique _Page_05\" \/><\/figure><\/div><div class=\"swiper-slide\" role=\"group\" aria-roledescription=\"slide\" aria-label=\"6 of 30\"><figure class=\"swiper-slide-inner\"><img decoding=\"async\" class=\"swiper-slide-image\" src=\"https:\/\/sagessesjb.edu.lb\/wp-content\/uploads\/2025\/11\/PPT-Fiche-de-Reflexion-un-outil-Pedagogique-_Page_06-scaled.jpg\" alt=\"PPT Fiche de Re\u0301flexion un outil Pe\u0301dagogique _Page_06\" \/><\/figure><\/div><div class=\"swiper-slide\" role=\"group\" aria-roledescription=\"slide\" aria-label=\"7 of 30\"><figure class=\"swiper-slide-inner\"><img decoding=\"async\" class=\"swiper-slide-image\" src=\"https:\/\/sagessesjb.edu.lb\/wp-content\/uploads\/2025\/11\/PPT-Fiche-de-Reflexion-un-outil-Pedagogique-_Page_07-scaled.jpg\" alt=\"PPT Fiche de Re\u0301flexion un outil Pe\u0301dagogique _Page_07\" \/><\/figure><\/div><div class=\"swiper-slide\" role=\"group\" aria-roledescription=\"slide\" aria-label=\"8 of 30\"><figure class=\"swiper-slide-inner\"><img decoding=\"async\" class=\"swiper-slide-image\" src=\"https:\/\/sagessesjb.edu.lb\/wp-content\/uploads\/2025\/11\/PPT-Fiche-de-Reflexion-un-outil-Pedagogique-_Page_08-scaled.jpg\" alt=\"PPT Fiche de Re\u0301flexion un outil Pe\u0301dagogique _Page_08\" \/><\/figure><\/div><div class=\"swiper-slide\" role=\"group\" aria-roledescription=\"slide\" aria-label=\"9 of 30\"><figure class=\"swiper-slide-inner\"><img decoding=\"async\" class=\"swiper-slide-image\" src=\"https:\/\/sagessesjb.edu.lb\/wp-content\/uploads\/2025\/11\/PPT-Fiche-de-Reflexion-un-outil-Pedagogique-_Page_09-scaled.jpg\" alt=\"PPT Fiche de Re\u0301flexion un outil Pe\u0301dagogique _Page_09\" \/><\/figure><\/div><div class=\"swiper-slide\" role=\"group\" aria-roledescription=\"slide\" aria-label=\"10 of 30\"><figure class=\"swiper-slide-inner\"><img decoding=\"async\" class=\"swiper-slide-image\" src=\"https:\/\/sagessesjb.edu.lb\/wp-content\/uploads\/2025\/11\/PPT-Fiche-de-Reflexion-un-outil-Pedagogique-_Page_10-scaled.jpg\" alt=\"PPT Fiche de Re\u0301flexion un outil Pe\u0301dagogique _Page_10\" \/><\/figure><\/div><div class=\"swiper-slide\" role=\"group\" aria-roledescription=\"slide\" aria-label=\"11 of 30\"><figure class=\"swiper-slide-inner\"><img decoding=\"async\" class=\"swiper-slide-image\" src=\"https:\/\/sagessesjb.edu.lb\/wp-content\/uploads\/2025\/11\/PPT-Fiche-de-Reflexion-un-outil-Pedagogique-_Page_11-scaled.jpg\" alt=\"PPT Fiche de Re\u0301flexion un outil Pe\u0301dagogique _Page_11\" \/><\/figure><\/div><div class=\"swiper-slide\" role=\"group\" aria-roledescription=\"slide\" aria-label=\"12 of 30\"><figure class=\"swiper-slide-inner\"><img decoding=\"async\" class=\"swiper-slide-image\" src=\"https:\/\/sagessesjb.edu.lb\/wp-content\/uploads\/2025\/11\/PPT-Fiche-de-Reflexion-un-outil-Pedagogique-_Page_12-scaled.jpg\" alt=\"PPT Fiche de Re\u0301flexion un outil Pe\u0301dagogique _Page_12\" \/><\/figure><\/div><div class=\"swiper-slide\" role=\"group\" aria-roledescription=\"slide\" aria-label=\"13 of 30\"><figure class=\"swiper-slide-inner\"><img decoding=\"async\" class=\"swiper-slide-image\" src=\"https:\/\/sagessesjb.edu.lb\/wp-content\/uploads\/2025\/11\/PPT-Fiche-de-Reflexion-un-outil-Pedagogique-_Page_13-scaled.jpg\" alt=\"PPT Fiche de Re\u0301flexion un outil Pe\u0301dagogique _Page_13\" \/><\/figure><\/div><div class=\"swiper-slide\" role=\"group\" aria-roledescription=\"slide\" aria-label=\"14 of 30\"><figure class=\"swiper-slide-inner\"><img decoding=\"async\" class=\"swiper-slide-image\" src=\"https:\/\/sagessesjb.edu.lb\/wp-content\/uploads\/2025\/11\/PPT-Fiche-de-Reflexion-un-outil-Pedagogique-_Page_14-scaled.jpg\" alt=\"PPT Fiche de Re\u0301flexion un outil Pe\u0301dagogique _Page_14\" \/><\/figure><\/div><div class=\"swiper-slide\" role=\"group\" aria-roledescription=\"slide\" aria-label=\"15 of 30\"><figure class=\"swiper-slide-inner\"><img decoding=\"async\" class=\"swiper-slide-image\" src=\"https:\/\/sagessesjb.edu.lb\/wp-content\/uploads\/2025\/11\/PPT-Fiche-de-Reflexion-un-outil-Pedagogique-_Page_15-scaled.jpg\" alt=\"PPT Fiche de Re\u0301flexion un outil Pe\u0301dagogique _Page_15\" \/><\/figure><\/div><div class=\"swiper-slide\" role=\"group\" aria-roledescription=\"slide\" aria-label=\"16 of 30\"><figure class=\"swiper-slide-inner\"><img decoding=\"async\" class=\"swiper-slide-image\" src=\"https:\/\/sagessesjb.edu.lb\/wp-content\/uploads\/2025\/11\/PPT-Fiche-de-Reflexion-un-outil-Pedagogique-_Page_16-scaled.jpg\" alt=\"PPT Fiche de Re\u0301flexion un outil Pe\u0301dagogique _Page_16\" \/><\/figure><\/div><div class=\"swiper-slide\" role=\"group\" aria-roledescription=\"slide\" aria-label=\"17 of 30\"><figure class=\"swiper-slide-inner\"><img decoding=\"async\" class=\"swiper-slide-image\" src=\"https:\/\/sagessesjb.edu.lb\/wp-content\/uploads\/2025\/11\/PPT-Fiche-de-Reflexion-un-outil-Pedagogique-_Page_17-scaled.jpg\" alt=\"PPT Fiche de Re\u0301flexion un outil Pe\u0301dagogique _Page_17\" \/><\/figure><\/div><div class=\"swiper-slide\" role=\"group\" aria-roledescription=\"slide\" aria-label=\"18 of 30\"><figure class=\"swiper-slide-inner\"><img decoding=\"async\" class=\"swiper-slide-image\" src=\"https:\/\/sagessesjb.edu.lb\/wp-content\/uploads\/2025\/11\/PPT-Fiche-de-Reflexion-un-outil-Pedagogique-_Page_18-scaled.jpg\" alt=\"PPT Fiche de Re\u0301flexion un outil Pe\u0301dagogique _Page_18\" \/><\/figure><\/div><div class=\"swiper-slide\" role=\"group\" aria-roledescription=\"slide\" aria-label=\"19 of 30\"><figure class=\"swiper-slide-inner\"><img decoding=\"async\" class=\"swiper-slide-image\" src=\"https:\/\/sagessesjb.edu.lb\/wp-content\/uploads\/2025\/11\/PPT-Fiche-de-Reflexion-un-outil-Pedagogique-_Page_19-scaled.jpg\" alt=\"PPT Fiche de Re\u0301flexion un outil Pe\u0301dagogique _Page_19\" \/><\/figure><\/div><div class=\"swiper-slide\" role=\"group\" aria-roledescription=\"slide\" aria-label=\"20 of 30\"><figure class=\"swiper-slide-inner\"><img decoding=\"async\" class=\"swiper-slide-image\" src=\"https:\/\/sagessesjb.edu.lb\/wp-content\/uploads\/2025\/11\/PPT-Fiche-de-Reflexion-un-outil-Pedagogique-_Page_20-scaled.jpg\" alt=\"PPT Fiche de Re\u0301flexion un outil Pe\u0301dagogique _Page_20\" \/><\/figure><\/div><div class=\"swiper-slide\" role=\"group\" aria-roledescription=\"slide\" aria-label=\"21 of 30\"><figure class=\"swiper-slide-inner\"><img decoding=\"async\" class=\"swiper-slide-image\" src=\"https:\/\/sagessesjb.edu.lb\/wp-content\/uploads\/2025\/11\/PPT-Fiche-de-Reflexion-un-outil-Pedagogique-_Page_21-scaled.jpg\" alt=\"PPT Fiche de Re\u0301flexion un outil Pe\u0301dagogique _Page_21\" \/><\/figure><\/div><div class=\"swiper-slide\" role=\"group\" aria-roledescription=\"slide\" aria-label=\"22 of 30\"><figure class=\"swiper-slide-inner\"><img decoding=\"async\" class=\"swiper-slide-image\" src=\"https:\/\/sagessesjb.edu.lb\/wp-content\/uploads\/2025\/11\/PPT-Fiche-de-Reflexion-un-outil-Pedagogique-_Page_22-scaled.jpg\" alt=\"PPT Fiche de Re\u0301flexion un outil Pe\u0301dagogique _Page_22\" \/><\/figure><\/div><div class=\"swiper-slide\" role=\"group\" aria-roledescription=\"slide\" aria-label=\"23 of 30\"><figure class=\"swiper-slide-inner\"><img decoding=\"async\" class=\"swiper-slide-image\" src=\"https:\/\/sagessesjb.edu.lb\/wp-content\/uploads\/2025\/11\/PPT-Fiche-de-Reflexion-un-outil-Pedagogique-_Page_23-scaled.jpg\" alt=\"PPT Fiche de Re\u0301flexion un outil Pe\u0301dagogique _Page_23\" \/><\/figure><\/div><div class=\"swiper-slide\" role=\"group\" aria-roledescription=\"slide\" aria-label=\"24 of 30\"><figure class=\"swiper-slide-inner\"><img decoding=\"async\" class=\"swiper-slide-image\" src=\"https:\/\/sagessesjb.edu.lb\/wp-content\/uploads\/2025\/11\/PPT-Fiche-de-Reflexion-un-outil-Pedagogique-_Page_24-scaled.jpg\" alt=\"PPT Fiche de Re\u0301flexion un outil Pe\u0301dagogique _Page_24\" \/><\/figure><\/div><div class=\"swiper-slide\" role=\"group\" aria-roledescription=\"slide\" aria-label=\"25 of 30\"><figure class=\"swiper-slide-inner\"><img decoding=\"async\" class=\"swiper-slide-image\" src=\"https:\/\/sagessesjb.edu.lb\/wp-content\/uploads\/2025\/11\/PPT-Fiche-de-Reflexion-un-outil-Pedagogique-_Page_25-scaled.jpg\" alt=\"PPT Fiche de Re\u0301flexion un outil Pe\u0301dagogique _Page_25\" \/><\/figure><\/div><div class=\"swiper-slide\" role=\"group\" aria-roledescription=\"slide\" aria-label=\"26 of 30\"><figure class=\"swiper-slide-inner\"><img decoding=\"async\" class=\"swiper-slide-image\" src=\"https:\/\/sagessesjb.edu.lb\/wp-content\/uploads\/2025\/11\/PPT-Fiche-de-Reflexion-un-outil-Pedagogique-_Page_26-scaled.jpg\" alt=\"PPT Fiche de Re\u0301flexion un outil Pe\u0301dagogique _Page_26\" \/><\/figure><\/div><div class=\"swiper-slide\" role=\"group\" aria-roledescription=\"slide\" aria-label=\"27 of 30\"><figure class=\"swiper-slide-inner\"><img decoding=\"async\" class=\"swiper-slide-image\" src=\"https:\/\/sagessesjb.edu.lb\/wp-content\/uploads\/2025\/11\/PPT-Fiche-de-Reflexion-un-outil-Pedagogique-_Page_27-scaled.jpg\" alt=\"PPT Fiche de Re\u0301flexion un outil Pe\u0301dagogique _Page_27\" \/><\/figure><\/div><div class=\"swiper-slide\" role=\"group\" aria-roledescription=\"slide\" aria-label=\"28 of 30\"><figure class=\"swiper-slide-inner\"><img decoding=\"async\" class=\"swiper-slide-image\" src=\"https:\/\/sagessesjb.edu.lb\/wp-content\/uploads\/2025\/11\/PPT-Fiche-de-Reflexion-un-outil-Pedagogique-_Page_28-scaled.jpg\" alt=\"PPT Fiche de Re\u0301flexion un outil Pe\u0301dagogique _Page_28\" \/><\/figure><\/div><div class=\"swiper-slide\" role=\"group\" aria-roledescription=\"slide\" aria-label=\"29 of 30\"><figure class=\"swiper-slide-inner\"><img decoding=\"async\" class=\"swiper-slide-image\" src=\"https:\/\/sagessesjb.edu.lb\/wp-content\/uploads\/2025\/11\/PPT-Fiche-de-Reflexion-un-outil-Pedagogique-_Page_29-scaled.jpg\" alt=\"PPT Fiche de Re\u0301flexion un outil Pe\u0301dagogique _Page_29\" \/><\/figure><\/div><div class=\"swiper-slide\" role=\"group\" aria-roledescription=\"slide\" aria-label=\"30 of 30\"><figure class=\"swiper-slide-inner\"><img decoding=\"async\" class=\"swiper-slide-image\" src=\"https:\/\/sagessesjb.edu.lb\/wp-content\/uploads\/2025\/11\/PPT-Fiche-de-Reflexion-un-outil-Pedagogique-_Page_30-scaled.jpg\" alt=\"PPT Fiche de Re\u0301flexion un outil Pe\u0301dagogique _Page_30\" \/><\/figure><\/div>\t\t\t<\/div>\n\t\t\t\t\t\t\t\t\t\t\t\t<div class=\"elementor-swiper-button elementor-swiper-button-prev\" role=\"button\" tabindex=\"0\">\n\t\t\t\t\t\t<i aria-hidden=\"true\" class=\"eicon-chevron-left\"><\/i>\t\t\t\t\t<\/div>\n\t\t\t\t\t<div class=\"elementor-swiper-button elementor-swiper-button-next\" role=\"button\" tabindex=\"0\">\n\t\t\t\t\t\t<i aria-hidden=\"true\" class=\"eicon-chevron-right\"><\/i>\t\t\t\t\t<\/div>\n\t\t\t\t\n\t\t\t\t\t\t\t\t\t<div class=\"swiper-pagination\"><\/div>\n\t\t\t\t\t\t\t\t\t<\/div>\n\t\t\t\t\t\t<\/div>\n\t\t\t\t<\/div>\n\t\t\t\t\t<\/div>\n\t\t<\/div>\n\t\t\t\t\t<\/div>\n\t\t<\/section>\n\t\t\t\t<\/div>\n\t\t","protected":false},"excerpt":{"rendered":"<p>PPT Fiche de Re\u0301flexion un outil Pe\u0301dagogique _Page_01PPT Fiche de Re\u0301flexion un outil Pe\u0301dagogique _Page_02PPT Fiche de Re\u0301flexion un outil Pe\u0301dagogique _Page_03PPT Fiche de Re\u0301flexion un outil Pe\u0301dagogique _Page_04PPT Fiche de Re\u0301flexion un outil Pe\u0301dagogique _Page_05PPT Fiche de Re\u0301flexion un outil Pe\u0301dagogique _Page_06PPT Fiche de Re\u0301flexion un outil Pe\u0301dagogique _Page_07PPT Fiche de Re\u0301flexion un outil [&hellip;]<\/p>\n","protected":false},"author":1,"featured_media":0,"parent":0,"menu_order":0,"comment_status":"closed","ping_status":"closed","template":"","meta":{"footnotes":""},"class_list":["post-1109","page","type-page","status-publish","hentry"],"_links":{"self":[{"href":"https:\/\/sagessesjb.edu.lb\/fr\/wp-json\/wp\/v2\/pages\/1109","targetHints":{"allow":["GET"]}}],"collection":[{"href":"https:\/\/sagessesjb.edu.lb\/fr\/wp-json\/wp\/v2\/pages"}],"about":[{"href":"https:\/\/sagessesjb.edu.lb\/fr\/wp-json\/wp\/v2\/types\/page"}],"author":[{"embeddable":true,"href":"https:\/\/sagessesjb.edu.lb\/fr\/wp-json\/wp\/v2\/users\/1"}],"replies":[{"embeddable":true,"href":"https:\/\/sagessesjb.edu.lb\/fr\/wp-json\/wp\/v2\/comments?post=1109"}],"version-history":[{"count":26,"href":"https:\/\/sagessesjb.edu.lb\/fr\/wp-json\/wp\/v2\/pages\/1109\/revisions"}],"predecessor-version":[{"id":11078,"href":"https:\/\/sagessesjb.edu.lb\/fr\/wp-json\/wp\/v2\/pages\/1109\/revisions\/11078"}],"wp:attachment":[{"href":"https:\/\/sagessesjb.edu.lb\/fr\/wp-json\/wp\/v2\/media?parent=1109"}],"curies":[{"name":"wp","href":"https:\/\/api.w.org\/{rel}","templated":true}]}}