{"id":10690,"date":"2025-04-30T10:19:11","date_gmt":"2025-04-30T10:19:11","guid":{"rendered":"https:\/\/sagessesjb.edu.lb\/?page_id=10690"},"modified":"2025-04-30T10:23:32","modified_gmt":"2025-04-30T10:23:32","slug":"activites-service-psychologique","status":"publish","type":"page","link":"https:\/\/sagessesjb.edu.lb\/fr\/activites-service-psychologique\/","title":{"rendered":"Activit\u00e9s service psychologique"},"content":{"rendered":"\t\t<div data-elementor-type=\"wp-page\" data-elementor-id=\"10690\" class=\"elementor elementor-10690\" data-elementor-post-type=\"page\">\n\t\t\t\t\t\t<section class=\"elementor-section elementor-top-section elementor-element elementor-element-1074169 elementor-section-boxed elementor-section-height-default elementor-section-height-default\" data-id=\"1074169\" data-element_type=\"section\" data-e-type=\"section\">\n\t\t\t\t\t\t<div class=\"elementor-container elementor-column-gap-default\">\n\t\t\t\t\t<div class=\"elementor-column elementor-col-100 elementor-top-column elementor-element elementor-element-14c69f9\" data-id=\"14c69f9\" data-element_type=\"column\" data-e-type=\"column\">\n\t\t\t<div class=\"elementor-widget-wrap elementor-element-populated\">\n\t\t\t\t\t\t<div class=\"elementor-element elementor-element-6dc19ef elementor-arrows-position-inside elementor-pagination-position-outside elementor-widget elementor-widget-image-carousel\" data-id=\"6dc19ef\" data-element_type=\"widget\" data-e-type=\"widget\" data-settings=\"{&quot;slides_to_show&quot;:&quot;1&quot;,&quot;navigation&quot;:&quot;both&quot;,&quot;autoplay&quot;:&quot;yes&quot;,&quot;pause_on_hover&quot;:&quot;yes&quot;,&quot;pause_on_interaction&quot;:&quot;yes&quot;,&quot;autoplay_speed&quot;:5000,&quot;infinite&quot;:&quot;yes&quot;,&quot;effect&quot;:&quot;slide&quot;,&quot;speed&quot;:500}\" data-widget_type=\"image-carousel.default\">\n\t\t\t\t<div class=\"elementor-widget-container\">\n\t\t\t\t\t\t\t<div class=\"elementor-image-carousel-wrapper swiper\" role=\"region\" aria-roledescription=\"carousel\" aria-label=\"Image Carousel\" dir=\"ltr\">\n\t\t\t<div class=\"elementor-image-carousel swiper-wrapper\" aria-live=\"off\">\n\t\t\t\t\t\t\t\t<div class=\"swiper-slide\" role=\"group\" aria-roledescription=\"slide\" aria-label=\"1 of 10\"><figure class=\"swiper-slide-inner\"><img decoding=\"async\" class=\"swiper-slide-image\" src=\"https:\/\/sagessesjb.edu.lb\/wp-content\/uploads\/2025\/04\/WhatsApp-Image-2025-04-30-at-1.20.12-PM-819x1024.jpeg\" alt=\"WhatsApp Image 2025-04-30 at 1.20.12 PM\" \/><\/figure><\/div><div class=\"swiper-slide\" role=\"group\" aria-roledescription=\"slide\" aria-label=\"2 of 10\"><figure class=\"swiper-slide-inner\"><img decoding=\"async\" class=\"swiper-slide-image\" src=\"https:\/\/sagessesjb.edu.lb\/wp-content\/uploads\/2025\/04\/WhatsApp-Image-2025-04-30-at-1.20.13-PM-1-819x1024.jpeg\" alt=\"WhatsApp Image 2025-04-30 at 1.20.13 PM (1)\" \/><\/figure><\/div><div class=\"swiper-slide\" role=\"group\" aria-roledescription=\"slide\" aria-label=\"3 of 10\"><figure class=\"swiper-slide-inner\"><img decoding=\"async\" class=\"swiper-slide-image\" src=\"https:\/\/sagessesjb.edu.lb\/wp-content\/uploads\/2025\/04\/WhatsApp-Image-2025-04-30-at-1.20.13-PM-2-819x1024.jpeg\" alt=\"WhatsApp Image 2025-04-30 at 1.20.13 PM (2)\" \/><\/figure><\/div><div class=\"swiper-slide\" role=\"group\" aria-roledescription=\"slide\" aria-label=\"4 of 10\"><figure class=\"swiper-slide-inner\"><img decoding=\"async\" class=\"swiper-slide-image\" src=\"https:\/\/sagessesjb.edu.lb\/wp-content\/uploads\/2025\/04\/WhatsApp-Image-2025-04-30-at-1.20.13-PM-3-819x1024.jpeg\" alt=\"WhatsApp Image 2025-04-30 at 1.20.13 PM (3)\" \/><\/figure><\/div><div class=\"swiper-slide\" role=\"group\" aria-roledescription=\"slide\" aria-label=\"5 of 10\"><figure class=\"swiper-slide-inner\"><img decoding=\"async\" class=\"swiper-slide-image\" src=\"https:\/\/sagessesjb.edu.lb\/wp-content\/uploads\/2025\/04\/WhatsApp-Image-2025-04-30-at-1.20.13-PM-4-819x1024.jpeg\" alt=\"WhatsApp Image 2025-04-30 at 1.20.13 PM (4)\" \/><\/figure><\/div><div class=\"swiper-slide\" role=\"group\" aria-roledescription=\"slide\" aria-label=\"6 of 10\"><figure class=\"swiper-slide-inner\"><img decoding=\"async\" class=\"swiper-slide-image\" src=\"https:\/\/sagessesjb.edu.lb\/wp-content\/uploads\/2025\/04\/WhatsApp-Image-2025-04-30-at-1.20.13-PM-819x1024.jpeg\" alt=\"WhatsApp Image 2025-04-30 at 1.20.13 PM\" \/><\/figure><\/div><div class=\"swiper-slide\" role=\"group\" aria-roledescription=\"slide\" aria-label=\"7 of 10\"><figure class=\"swiper-slide-inner\"><img decoding=\"async\" class=\"swiper-slide-image\" src=\"https:\/\/sagessesjb.edu.lb\/wp-content\/uploads\/2025\/04\/WhatsApp-Image-2025-04-30-at-1.20.14-PM-1-819x1024.jpeg\" alt=\"WhatsApp Image 2025-04-30 at 1.20.14 PM (1)\" \/><\/figure><\/div><div class=\"swiper-slide\" role=\"group\" aria-roledescription=\"slide\" aria-label=\"8 of 10\"><figure class=\"swiper-slide-inner\"><img decoding=\"async\" class=\"swiper-slide-image\" src=\"https:\/\/sagessesjb.edu.lb\/wp-content\/uploads\/2025\/04\/WhatsApp-Image-2025-04-30-at-1.20.14-PM-2-819x1024.jpeg\" alt=\"WhatsApp Image 2025-04-30 at 1.20.14 PM (2)\" \/><\/figure><\/div><div class=\"swiper-slide\" role=\"group\" aria-roledescription=\"slide\" aria-label=\"9 of 10\"><figure class=\"swiper-slide-inner\"><img decoding=\"async\" class=\"swiper-slide-image\" src=\"https:\/\/sagessesjb.edu.lb\/wp-content\/uploads\/2025\/04\/WhatsApp-Image-2025-04-30-at-1.20.14-PM-3-819x1024.jpeg\" alt=\"WhatsApp Image 2025-04-30 at 1.20.14 PM (3)\" \/><\/figure><\/div><div class=\"swiper-slide\" role=\"group\" aria-roledescription=\"slide\" aria-label=\"10 of 10\"><figure class=\"swiper-slide-inner\"><img decoding=\"async\" class=\"swiper-slide-image\" src=\"https:\/\/sagessesjb.edu.lb\/wp-content\/uploads\/2025\/04\/WhatsApp-Image-2025-04-30-at-1.20.14-PM-819x1024.jpeg\" alt=\"WhatsApp Image 2025-04-30 at 1.20.14 PM\" \/><\/figure><\/div>\t\t\t<\/div>\n\t\t\t\t\t\t\t\t\t\t\t\t<div class=\"elementor-swiper-button elementor-swiper-button-prev\" role=\"button\" tabindex=\"0\">\n\t\t\t\t\t\t<i aria-hidden=\"true\" class=\"eicon-chevron-left\"><\/i>\t\t\t\t\t<\/div>\n\t\t\t\t\t<div class=\"elementor-swiper-button elementor-swiper-button-next\" role=\"button\" tabindex=\"0\">\n\t\t\t\t\t\t<i aria-hidden=\"true\" class=\"eicon-chevron-right\"><\/i>\t\t\t\t\t<\/div>\n\t\t\t\t\n\t\t\t\t\t\t\t\t\t<div class=\"swiper-pagination\"><\/div>\n\t\t\t\t\t\t\t\t\t<\/div>\n\t\t\t\t\t\t<\/div>\n\t\t\t\t<\/div>\n\t\t\t\t\t<\/div>\n\t\t<\/div>\n\t\t\t\t\t<\/div>\n\t\t<\/section>\n\t\t\t\t<section class=\"elementor-section elementor-top-section elementor-element elementor-element-5897cc4 elementor-section-boxed elementor-section-height-default elementor-section-height-default\" data-id=\"5897cc4\" data-element_type=\"section\" data-e-type=\"section\">\n\t\t\t\t\t\t<div class=\"elementor-container elementor-column-gap-default\">\n\t\t\t\t\t<div class=\"elementor-column elementor-col-100 elementor-top-column elementor-element elementor-element-9672a83\" data-id=\"9672a83\" data-element_type=\"column\" data-e-type=\"column\">\n\t\t\t<div class=\"elementor-widget-wrap elementor-element-populated\">\n\t\t\t\t\t\t<div class=\"elementor-element elementor-element-78a02ec elementor-widget elementor-widget-text-editor\" data-id=\"78a02ec\" data-element_type=\"widget\" data-e-type=\"widget\" data-widget_type=\"text-editor.default\">\n\t\t\t\t<div class=\"elementor-widget-container\">\n\t\t\t\t\t\t\t\t\t<p style=\"text-align: center;\"><strong>PASSPORT POUR LE PAYS DE PRUDENCE<\/strong> (Classes CM1 et 6<sup>\u00e8me<\/sup>)<\/p><p><strong>\u00a0<\/strong><\/p><p><strong>Pourquoi ce passeport\u00a0?<\/strong><br \/>L\u2019\u00e9cole est un lieu d\u2019\u00e9ducation, de pr\u00e9vention et de protection. Elle a pour mission de sensibiliser les enfants \u00e0 la prise en compte des risques qu\u2019ils peuvent encourir dans la vie quotidienne, tels que ceux rencontr\u00e9s sp\u00e9cifiquement en dehors de la maison\u2026<\/p><p>Il lui appartient aussi d\u2019aborder les sujets qui concernent la s\u00e9curit\u00e9 des enfants et, en particulier, d\u2019\u00e9voquer la lutte contre la maltraitance et les violences sexuelles.<br \/>Dans ce cadre, ce travail de r\u00e9flexion a notamment pour mission\u00a0:<br \/>\u00a0de permettre aux enfants de construire des apprentissages en leur proposant des situations qui favorisent leur r\u00e9flexion individuelle \u00e0 partir de l\u2019exercice propos\u00e9\u00a0;<br \/>\u00a0de les encourager \u00e0 oser parler, de les inciter \u00e0 se prot\u00e9ger, \u00e0 s\u2019opposer lorsqu\u2019ils se trouvent dans une situation \u00e0 risque, et de leur apprendre \u00e0 \u201cdire non\u201d\u00a0;<br \/>\u00a0de rep\u00e9rer les signes de maltraitance, d\u2019informer de leurs doutes, des indices qu\u2019ils ont pu observer;<\/p><p>L\u2019objet du passeport est de sensibiliser les enfants au monde qui les entoure, sans toutefois leur donner le sentiment qu\u2019ils vivent constamment dans un environnement hostile et dangereux.<\/p><p>\u00a0<\/p><p><strong>Dans quel cadre ce travail de sensibilisation a \u00e9t\u00e9 effectu\u00e9\u00a0?<\/strong><\/p><p>Un travail de r\u00e9flexion a \u00e9t\u00e9 men\u00e9 aupr\u00e8s de nos \u00e9l\u00e8ves, classes CM1 et 6\u00e8mes, durant le mois de mars 2025 et ceci en deux temps\u202f:<\/p><p>Le premier \u00e9tait consacr\u00e9 \u00e0 un travail individuel ; et en un deuxi\u00e8me temps, le sujet a \u00e9t\u00e9 r\u00e9fl\u00e9chi et d\u00e9battu en groupe en la pr\u00e9sence de Mme Ghada Rita Aoun, psychologue de l\u2019\u00e9cole \u00e9l\u00e9mentaire (CM1-CM2-6<sup>e <\/sup>) \u00a0et du coll\u00e8ge, qui a assur\u00e9 l\u2019animation et l\u2019encadrement des \u00e9l\u00e8ves.<\/p><p>\u00a0<\/p><p><strong>Que contient ce passeport\u00a0?<\/strong><br \/>Le document se pr\u00e9sente sous la forme d\u2019un parcours ludique offrant 12 situations auxquelles l\u2019enfant pourrait \u00eatre confront\u00e9 dans la vie quotidienne. \u00c0 chaque \u00e9tape, il doit opter pour une r\u00e9ponse qu\u2019il juge adapt\u00e9e \u00e0 la situation donn\u00e9e.<br \/>Trois r\u00e9ponses possibles lui sont propos\u00e9es, deux pr\u00e9sentent des comportements de nature \u00e0 le mettre en danger\u00a0; une troisi\u00e8me est efficace et de nature \u00e0 \u00e9carter le danger.<br \/>Tout au long du parcours, un petit chien\/compagnon conseille l\u2019enfant et lui donne des indications sur les attitudes positives qui l\u2019aideront \u00e0 assurer sa protection\u00a0:<br \/>\u00a0pr\u00e9venir ses parents ou un adulte de r\u00e9f\u00e9rence, dire ce que l\u2019on fait et o\u00f9 l\u2019on va, ne pas h\u00e9siter \u00e0 parler d\u2019une situation qui g\u00eane,<br \/>\u00a0penser \u00e0 des personnes ressources,<br \/>\u00a0conna\u00eetre les droits et les interdits,<br \/>\u00a0prendre l\u2019habitude de r\u00e9fl\u00e9chir en vue d\u2019\u00e9viter les risques.<br \/><br \/><\/p><p>Le passeport n\u2019est pas fait pour inqui\u00e9ter ou faire douter du monde, il a \u00e9t\u00e9 \u00e9labor\u00e9 pour pr\u00e9venir et <strong>donner aux enfants confiance en eux-m\u00eames<\/strong>.<\/p>\t\t\t\t\t\t\t\t<\/div>\n\t\t\t\t<\/div>\n\t\t\t\t\t<\/div>\n\t\t<\/div>\n\t\t\t\t\t<\/div>\n\t\t<\/section>\n\t\t\t\t<\/div>\n\t\t","protected":false},"excerpt":{"rendered":"<p>WhatsApp Image 2025-04-30 at 1.20.12 PMWhatsApp Image 2025-04-30 at 1.20.13 PM (1)WhatsApp Image 2025-04-30 at 1.20.13 PM (2)WhatsApp Image 2025-04-30 at 1.20.13 PM (3)WhatsApp Image 2025-04-30 at 1.20.13 PM (4)WhatsApp Image 2025-04-30 at 1.20.13 PMWhatsApp Image 2025-04-30 at 1.20.14 PM (1)WhatsApp Image 2025-04-30 at 1.20.14 PM (2)WhatsApp Image 2025-04-30 at 1.20.14 PM (3)WhatsApp Image 2025-04-30 [&hellip;]<\/p>\n","protected":false},"author":1,"featured_media":0,"parent":0,"menu_order":0,"comment_status":"closed","ping_status":"closed","template":"","meta":{"footnotes":""},"class_list":["post-10690","page","type-page","status-publish","hentry"],"_links":{"self":[{"href":"https:\/\/sagessesjb.edu.lb\/fr\/wp-json\/wp\/v2\/pages\/10690","targetHints":{"allow":["GET"]}}],"collection":[{"href":"https:\/\/sagessesjb.edu.lb\/fr\/wp-json\/wp\/v2\/pages"}],"about":[{"href":"https:\/\/sagessesjb.edu.lb\/fr\/wp-json\/wp\/v2\/types\/page"}],"author":[{"embeddable":true,"href":"https:\/\/sagessesjb.edu.lb\/fr\/wp-json\/wp\/v2\/users\/1"}],"replies":[{"embeddable":true,"href":"https:\/\/sagessesjb.edu.lb\/fr\/wp-json\/wp\/v2\/comments?post=10690"}],"version-history":[{"count":4,"href":"https:\/\/sagessesjb.edu.lb\/fr\/wp-json\/wp\/v2\/pages\/10690\/revisions"}],"predecessor-version":[{"id":10705,"href":"https:\/\/sagessesjb.edu.lb\/fr\/wp-json\/wp\/v2\/pages\/10690\/revisions\/10705"}],"wp:attachment":[{"href":"https:\/\/sagessesjb.edu.lb\/fr\/wp-json\/wp\/v2\/media?parent=10690"}],"curies":[{"name":"wp","href":"https:\/\/api.w.org\/{rel}","templated":true}]}}