{"id":1069,"date":"2023-05-29T15:02:31","date_gmt":"2023-05-29T15:02:31","guid":{"rendered":"https:\/\/yerehost.com\/sagesse\/?page_id=1069"},"modified":"2025-02-11T07:41:52","modified_gmt":"2025-02-11T07:41:52","slug":"page-de-recrutement","status":"publish","type":"page","link":"https:\/\/sagessesjb.edu.lb\/fr\/page-de-recrutement\/","title":{"rendered":"page de recrutement"},"content":{"rendered":"\t\t<div data-elementor-type=\"wp-page\" data-elementor-id=\"1069\" class=\"elementor elementor-1069\" data-elementor-post-type=\"page\">\n\t\t\t\t\t\t<section class=\"elementor-section elementor-top-section elementor-element elementor-element-835cfce elementor-section-boxed elementor-section-height-default elementor-section-height-default\" data-id=\"835cfce\" data-element_type=\"section\" data-e-type=\"section\">\n\t\t\t\t\t\t<div class=\"elementor-container elementor-column-gap-default\">\n\t\t\t\t\t<div class=\"elementor-column elementor-col-100 elementor-top-column elementor-element elementor-element-89f9eec\" data-id=\"89f9eec\" data-element_type=\"column\" data-e-type=\"column\">\n\t\t\t<div class=\"elementor-widget-wrap elementor-element-populated\">\n\t\t\t\t\t\t<div class=\"elementor-element elementor-element-59e65d7 elementor-widget elementor-widget-text-editor\" data-id=\"59e65d7\" data-element_type=\"widget\" data-e-type=\"widget\" data-widget_type=\"text-editor.default\">\n\t\t\t\t<div class=\"elementor-widget-container\">\n\t\t\t\t\t\t\t\t\t<p style=\"text-align: center;\"><span class=\"x_ContentPasted0\"><strong>L&rsquo;\u00e9ducation<\/strong> \u00e9volue chaque jour et afin de relever les nouveaux d\u00e9fis, nous sommes constamment \u00e0 la recherche de<strong> membres talentueux et professionnels<\/strong> pour rejoindre notre \u00e9quipe.<\/span><\/p><p style=\"text-align: center;\"><span class=\"x_ContentPasted0\">Rejoignez-nous d\u00e8s maintenant et contribuez \u00e0 fa\u00e7onner l&rsquo;avenir de l&rsquo;\u00e9ducation. Nous offrons un <strong>environnement dynamique, propice \u00e0 l&rsquo;apprentissage et \u00e0 l&rsquo;innovation<\/strong>. En travaillant avec nous, vous aurez l&rsquo;opportunit\u00e9 de <strong>d\u00e9velopper vos comp\u00e9tences et de faire une r\u00e9elle diff\u00e9rence dans la vie des apprenants<\/strong>.<\/span><\/p><p style=\"text-align: center;\"><em><span class=\"x_ContentPasted0\">Si vous pensez \u00eatre \u00e0 la hauteur de ce d\u00e9fi, envoyez votre CV \u00e0 l&rsquo;adresse suivante :<\/span><\/em><\/p><p style=\"text-align: center;\"><strong>HR@sagessesjb.edu.lb<\/strong><\/p>\t\t\t\t\t\t\t\t<\/div>\n\t\t\t\t<\/div>\n\t\t\t\t\t<\/div>\n\t\t<\/div>\n\t\t\t\t\t<\/div>\n\t\t<\/section>\n\t\t\t\t<\/div>\n\t\t","protected":false},"excerpt":{"rendered":"<p>L&rsquo;\u00e9ducation \u00e9volue chaque jour et afin de relever les nouveaux d\u00e9fis, nous sommes constamment \u00e0 la recherche de membres talentueux et professionnels pour rejoindre notre \u00e9quipe. Rejoignez-nous d\u00e8s maintenant et contribuez \u00e0 fa\u00e7onner l&rsquo;avenir de l&rsquo;\u00e9ducation. Nous offrons un environnement dynamique, propice \u00e0 l&rsquo;apprentissage et \u00e0 l&rsquo;innovation. En travaillant avec nous, vous aurez l&rsquo;opportunit\u00e9 de [&hellip;]<\/p>\n","protected":false},"author":1,"featured_media":0,"parent":0,"menu_order":0,"comment_status":"closed","ping_status":"closed","template":"","meta":{"footnotes":""},"class_list":["post-1069","page","type-page","status-publish","hentry"],"_links":{"self":[{"href":"https:\/\/sagessesjb.edu.lb\/fr\/wp-json\/wp\/v2\/pages\/1069","targetHints":{"allow":["GET"]}}],"collection":[{"href":"https:\/\/sagessesjb.edu.lb\/fr\/wp-json\/wp\/v2\/pages"}],"about":[{"href":"https:\/\/sagessesjb.edu.lb\/fr\/wp-json\/wp\/v2\/types\/page"}],"author":[{"embeddable":true,"href":"https:\/\/sagessesjb.edu.lb\/fr\/wp-json\/wp\/v2\/users\/1"}],"replies":[{"embeddable":true,"href":"https:\/\/sagessesjb.edu.lb\/fr\/wp-json\/wp\/v2\/comments?post=1069"}],"version-history":[{"count":61,"href":"https:\/\/sagessesjb.edu.lb\/fr\/wp-json\/wp\/v2\/pages\/1069\/revisions"}],"predecessor-version":[{"id":10601,"href":"https:\/\/sagessesjb.edu.lb\/fr\/wp-json\/wp\/v2\/pages\/1069\/revisions\/10601"}],"wp:attachment":[{"href":"https:\/\/sagessesjb.edu.lb\/fr\/wp-json\/wp\/v2\/media?parent=1069"}],"curies":[{"name":"wp","href":"https:\/\/api.w.org\/{rel}","templated":true}]}}