{"id":10056,"date":"2024-10-12T06:53:57","date_gmt":"2024-10-12T06:53:57","guid":{"rendered":"https:\/\/sagessesjb.edu.lb\/?page_id=10056"},"modified":"2026-04-14T05:58:48","modified_gmt":"2026-04-14T05:58:48","slug":"horaire-lycee","status":"publish","type":"page","link":"https:\/\/sagessesjb.edu.lb\/fr\/horaire-lycee\/","title":{"rendered":"Horaire lyc\u00e9e"},"content":{"rendered":"\t\t<div data-elementor-type=\"wp-page\" data-elementor-id=\"10056\" class=\"elementor elementor-10056\" data-elementor-post-type=\"page\">\n\t\t\t\t\t\t<section class=\"elementor-section elementor-top-section elementor-element elementor-element-21678e0 elementor-section-boxed elementor-section-height-default elementor-section-height-default\" data-id=\"21678e0\" data-element_type=\"section\" data-e-type=\"section\">\n\t\t\t\t\t\t<div class=\"elementor-container elementor-column-gap-default\">\n\t\t\t\t\t<div class=\"elementor-column elementor-col-100 elementor-top-column elementor-element elementor-element-3c1847a\" data-id=\"3c1847a\" data-element_type=\"column\" data-e-type=\"column\">\n\t\t\t<div class=\"elementor-widget-wrap elementor-element-populated\">\n\t\t\t\t\t\t<div class=\"elementor-element elementor-element-d8d2d9d elementor-arrows-position-inside elementor-pagination-position-outside elementor-widget elementor-widget-image-carousel\" data-id=\"d8d2d9d\" data-element_type=\"widget\" data-e-type=\"widget\" data-settings=\"{&quot;slides_to_show&quot;:&quot;1&quot;,&quot;navigation&quot;:&quot;both&quot;,&quot;autoplay&quot;:&quot;yes&quot;,&quot;pause_on_hover&quot;:&quot;yes&quot;,&quot;pause_on_interaction&quot;:&quot;yes&quot;,&quot;autoplay_speed&quot;:5000,&quot;infinite&quot;:&quot;yes&quot;,&quot;effect&quot;:&quot;slide&quot;,&quot;speed&quot;:500}\" data-widget_type=\"image-carousel.default\">\n\t\t\t\t<div class=\"elementor-widget-container\">\n\t\t\t\t\t\t\t<div class=\"elementor-image-carousel-wrapper swiper\" role=\"region\" aria-roledescription=\"carousel\" aria-label=\"Image Carousel\" dir=\"ltr\">\n\t\t\t<div class=\"elementor-image-carousel swiper-wrapper\" aria-live=\"off\">\n\t\t\t\t\t\t\t\t<div class=\"swiper-slide\" role=\"group\" aria-roledescription=\"slide\" aria-label=\"1 of 13\"><figure class=\"swiper-slide-inner\"><img decoding=\"async\" class=\"swiper-slide-image\" src=\"https:\/\/sagessesjb.edu.lb\/wp-content\/uploads\/2026\/04\/Horaires-des-classes-Lycee-Janvier-2026_page-0001-1024x912.jpg\" alt=\"Horaires des classes - Lyc\u00e9e - Janvier 2026_page-0001\" \/><\/figure><\/div><div class=\"swiper-slide\" role=\"group\" aria-roledescription=\"slide\" aria-label=\"2 of 13\"><figure class=\"swiper-slide-inner\"><img decoding=\"async\" class=\"swiper-slide-image\" src=\"https:\/\/sagessesjb.edu.lb\/wp-content\/uploads\/2026\/04\/Horaires-des-classes-Lycee-Janvier-2026_page-0002-1024x834.jpg\" alt=\"Horaires des classes - Lyc\u00e9e - Janvier 2026_page-0002\" \/><\/figure><\/div><div class=\"swiper-slide\" role=\"group\" aria-roledescription=\"slide\" aria-label=\"3 of 13\"><figure class=\"swiper-slide-inner\"><img decoding=\"async\" class=\"swiper-slide-image\" src=\"https:\/\/sagessesjb.edu.lb\/wp-content\/uploads\/2026\/04\/Horaires-des-classes-Lycee-Janvier-2026_page-0003-1024x827.jpg\" alt=\"Horaires des classes - Lyc\u00e9e - Janvier 2026_page-0003\" \/><\/figure><\/div><div class=\"swiper-slide\" role=\"group\" aria-roledescription=\"slide\" aria-label=\"4 of 13\"><figure class=\"swiper-slide-inner\"><img decoding=\"async\" class=\"swiper-slide-image\" src=\"https:\/\/sagessesjb.edu.lb\/wp-content\/uploads\/2026\/04\/Horaires-des-classes-Lycee-Janvier-2026_page-0004-879x1024.jpg\" alt=\"Horaires des classes - Lyc\u00e9e - Janvier 2026_page-0004\" \/><\/figure><\/div><div class=\"swiper-slide\" role=\"group\" aria-roledescription=\"slide\" aria-label=\"5 of 13\"><figure class=\"swiper-slide-inner\"><img decoding=\"async\" class=\"swiper-slide-image\" src=\"https:\/\/sagessesjb.edu.lb\/wp-content\/uploads\/2026\/04\/Horaires-des-classes-Lycee-Janvier-2026_page-0005-903x1024.jpg\" alt=\"Horaires des classes - Lyc\u00e9e - Janvier 2026_page-0005\" \/><\/figure><\/div><div class=\"swiper-slide\" role=\"group\" aria-roledescription=\"slide\" aria-label=\"6 of 13\"><figure class=\"swiper-slide-inner\"><img decoding=\"async\" class=\"swiper-slide-image\" src=\"https:\/\/sagessesjb.edu.lb\/wp-content\/uploads\/2026\/04\/Horaires-des-classes-Lycee-Janvier-2026_page-0006-849x1024.jpg\" alt=\"Horaires des classes - Lyc\u00e9e - Janvier 2026_page-0006\" \/><\/figure><\/div><div class=\"swiper-slide\" role=\"group\" aria-roledescription=\"slide\" aria-label=\"7 of 13\"><figure class=\"swiper-slide-inner\"><img decoding=\"async\" class=\"swiper-slide-image\" src=\"https:\/\/sagessesjb.edu.lb\/wp-content\/uploads\/2026\/04\/Horaires-des-classes-Lycee-Janvier-2026_page-0007-1024x760.jpg\" alt=\"Horaires des classes - Lyc\u00e9e - Janvier 2026_page-0007\" \/><\/figure><\/div><div class=\"swiper-slide\" role=\"group\" aria-roledescription=\"slide\" aria-label=\"8 of 13\"><figure class=\"swiper-slide-inner\"><img decoding=\"async\" class=\"swiper-slide-image\" src=\"https:\/\/sagessesjb.edu.lb\/wp-content\/uploads\/2026\/04\/Horaires-des-classes-Lycee-Janvier-2026_page-0008-805x1024.jpg\" alt=\"Horaires des classes - Lyc\u00e9e - Janvier 2026_page-0008\" \/><\/figure><\/div><div class=\"swiper-slide\" role=\"group\" aria-roledescription=\"slide\" aria-label=\"9 of 13\"><figure class=\"swiper-slide-inner\"><img decoding=\"async\" class=\"swiper-slide-image\" src=\"https:\/\/sagessesjb.edu.lb\/wp-content\/uploads\/2026\/04\/Horaires-des-classes-Lycee-Janvier-2026_page-0009-1024x934.jpg\" alt=\"Horaires des classes - Lyc\u00e9e - Janvier 2026_page-0009\" \/><\/figure><\/div><div class=\"swiper-slide\" role=\"group\" aria-roledescription=\"slide\" aria-label=\"10 of 13\"><figure class=\"swiper-slide-inner\"><img decoding=\"async\" class=\"swiper-slide-image\" src=\"https:\/\/sagessesjb.edu.lb\/wp-content\/uploads\/2026\/04\/Horaires-des-classes-Lycee-Janvier-2026_page-0010-1024x838.jpg\" alt=\"Horaires des classes - Lyc\u00e9e - Janvier 2026_page-0010\" \/><\/figure><\/div><div class=\"swiper-slide\" role=\"group\" aria-roledescription=\"slide\" aria-label=\"11 of 13\"><figure class=\"swiper-slide-inner\"><img decoding=\"async\" class=\"swiper-slide-image\" src=\"https:\/\/sagessesjb.edu.lb\/wp-content\/uploads\/2026\/04\/Horaires-des-classes-Lycee-Janvier-2026_page-0011-1024x770.jpg\" alt=\"Horaires des classes - Lyc\u00e9e - Janvier 2026_page-0011\" \/><\/figure><\/div><div class=\"swiper-slide\" role=\"group\" aria-roledescription=\"slide\" aria-label=\"12 of 13\"><figure class=\"swiper-slide-inner\"><img decoding=\"async\" class=\"swiper-slide-image\" src=\"https:\/\/sagessesjb.edu.lb\/wp-content\/uploads\/2026\/04\/Horaires-des-classes-Lycee-Janvier-2026_page-0012-1024x792.jpg\" alt=\"Horaires des classes - Lyc\u00e9e - Janvier 2026_page-0012\" \/><\/figure><\/div><div class=\"swiper-slide\" role=\"group\" aria-roledescription=\"slide\" aria-label=\"13 of 13\"><figure class=\"swiper-slide-inner\"><img decoding=\"async\" class=\"swiper-slide-image\" src=\"https:\/\/sagessesjb.edu.lb\/wp-content\/uploads\/2026\/04\/Horaires-des-classes-Lycee-Janvier-2026_page-0013-1024x785.jpg\" alt=\"Horaires des classes - Lyc\u00e9e - Janvier 2026_page-0013\" \/><\/figure><\/div>\t\t\t<\/div>\n\t\t\t\t\t\t\t\t\t\t\t\t<div class=\"elementor-swiper-button elementor-swiper-button-prev\" role=\"button\" tabindex=\"0\">\n\t\t\t\t\t\t<i aria-hidden=\"true\" class=\"eicon-chevron-left\"><\/i>\t\t\t\t\t<\/div>\n\t\t\t\t\t<div class=\"elementor-swiper-button elementor-swiper-button-next\" role=\"button\" tabindex=\"0\">\n\t\t\t\t\t\t<i aria-hidden=\"true\" class=\"eicon-chevron-right\"><\/i>\t\t\t\t\t<\/div>\n\t\t\t\t\n\t\t\t\t\t\t\t\t\t<div class=\"swiper-pagination\"><\/div>\n\t\t\t\t\t\t\t\t\t<\/div>\n\t\t\t\t\t\t<\/div>\n\t\t\t\t<\/div>\n\t\t\t\t\t<\/div>\n\t\t<\/div>\n\t\t\t\t\t<\/div>\n\t\t<\/section>\n\t\t\t\t<\/div>\n\t\t","protected":false},"excerpt":{"rendered":"<p>Horaires des classes &#8211; Lyc\u00e9e &#8211; Janvier 2026_page-0001Horaires des classes &#8211; Lyc\u00e9e &#8211; Janvier 2026_page-0002Horaires des classes &#8211; Lyc\u00e9e &#8211; Janvier 2026_page-0003Horaires des classes &#8211; Lyc\u00e9e &#8211; Janvier 2026_page-0004Horaires des classes &#8211; Lyc\u00e9e &#8211; Janvier 2026_page-0005Horaires des classes &#8211; Lyc\u00e9e &#8211; Janvier 2026_page-0006Horaires des classes &#8211; Lyc\u00e9e &#8211; Janvier 2026_page-0007Horaires des classes &#8211; Lyc\u00e9e &#8211; [&hellip;]<\/p>\n","protected":false},"author":1,"featured_media":0,"parent":0,"menu_order":0,"comment_status":"closed","ping_status":"closed","template":"","meta":{"footnotes":""},"class_list":["post-10056","page","type-page","status-publish","hentry"],"_links":{"self":[{"href":"https:\/\/sagessesjb.edu.lb\/fr\/wp-json\/wp\/v2\/pages\/10056","targetHints":{"allow":["GET"]}}],"collection":[{"href":"https:\/\/sagessesjb.edu.lb\/fr\/wp-json\/wp\/v2\/pages"}],"about":[{"href":"https:\/\/sagessesjb.edu.lb\/fr\/wp-json\/wp\/v2\/types\/page"}],"author":[{"embeddable":true,"href":"https:\/\/sagessesjb.edu.lb\/fr\/wp-json\/wp\/v2\/users\/1"}],"replies":[{"embeddable":true,"href":"https:\/\/sagessesjb.edu.lb\/fr\/wp-json\/wp\/v2\/comments?post=10056"}],"version-history":[{"count":13,"href":"https:\/\/sagessesjb.edu.lb\/fr\/wp-json\/wp\/v2\/pages\/10056\/revisions"}],"predecessor-version":[{"id":11566,"href":"https:\/\/sagessesjb.edu.lb\/fr\/wp-json\/wp\/v2\/pages\/10056\/revisions\/11566"}],"wp:attachment":[{"href":"https:\/\/sagessesjb.edu.lb\/fr\/wp-json\/wp\/v2\/media?parent=10056"}],"curies":[{"name":"wp","href":"https:\/\/api.w.org\/{rel}","templated":true}]}}